{"id":2092,"date":"2025-09-26T05:00:31","date_gmt":"2025-09-26T09:00:31","guid":{"rendered":"http:\/\/accionarpolitico.com\/?page_id=2092"},"modified":"2025-09-29T08:39:06","modified_gmt":"2025-09-29T12:39:06","slug":"quienes-somos","status":"publish","type":"page","link":"https:\/\/accionarpolitico.com\/?page_id=2092","title":{"rendered":"QUIENES SOMOS?"},"content":{"rendered":"<p><span style=\"font-size: large;\"><strong><img decoding=\"async\" class=\"alignleft wp-image-1797 \" src=\"http:\/\/accionarpolitico.com\/wp-content\/uploads\/2025\/09\/www.accionarpolitico.com-10-e1759097522868.png\" alt=\"\" width=\"23\" height=\"31\" \/>AccionarPol\u00edtico.Com<\/strong> es una plataforma de noticias en espa\u00f1ol, especializada en temas pol\u00edticos, que ofrece informaci\u00f3n actualizada sobre el acontecer pol\u00edtico, econ\u00f3mico y social de la Rep\u00fablica Dominicana, pasando revista a los sucesos m\u00e1s destacados en el \u00e1mbitointernacional.<\/span><\/p>\n<p><span style=\"font-size: large;\">Promovemos la defensa de la democracia, la pluralidad y la libre expresi\u00f3n y difusi\u00f3n del pensamiento, garantizando as\u00ed la permanencia de un estado de derecho en el pa\u00eds.<\/span><\/p>\n<p><span style=\"font-size: large;\">Medio de comunicaci\u00f3n digital dedicado a la edici\u00f3n y difusi\u00f3n de noticias, informaciones, entrevistas y an\u00e1lisis, donde interviene un equipo integro, de profesionales comprometidos con la verdad y la transparencia.<\/span><\/p>\n<p><span style=\"font-size: large;\"><strong>Ba<\/strong><\/span><span style=\"font-size: large;\"><strong>jo el Cuidado Editorial de<\/strong>:\u00a0<\/span><span style=\"font-size: large;\"><b>ANN Agencia Nacional de Noticias de Rep\u00fablica Dominicana\u00ae<\/b><\/span><span style=\"font-size: large;\"><b><img decoding=\"async\" class=\"wp-image-1768 aligncenter\" src=\"http:\/\/accionarpolitico.com\/wp-content\/uploads\/2025\/09\/970x90-pixeles-01-1.jpg\" alt=\"\" width=\"551\" height=\"51\" srcset=\"https:\/\/accionarpolitico.com\/wp-content\/uploads\/2025\/09\/970x90-pixeles-01-1.jpg 970w, https:\/\/accionarpolitico.com\/wp-content\/uploads\/2025\/09\/970x90-pixeles-01-1-300x28.jpg 300w, https:\/\/accionarpolitico.com\/wp-content\/uploads\/2025\/09\/970x90-pixeles-01-1-768x71.jpg 768w, https:\/\/accionarpolitico.com\/wp-content\/uploads\/2025\/09\/970x90-pixeles-01-1-600x56.jpg 600w\" sizes=\"(max-width: 551px) 100vw, 551px\" \/><\/b><\/span><\/p>\n<div><\/div>\n<p><span style=\"font-size: large;\"><span style=\"font-size: large;\"><b>MISION<\/b><\/span><\/span><\/p>\n<p><span style=\"font-size: large;\"><span style=\"font-size: large;\">Servir informaci\u00f3n objetiva, veraz y oportuna sobre el panorama pol\u00edtico, econ\u00f3mico y social de la Rep\u00fablica Dominicana, fomentando el an\u00e1lisis cr\u00edtico y el acceso a informaci\u00f3n confiable para la ciudadan\u00eda, pasando revista al acontecer internacional. <\/span><\/span><\/p>\n<p><strong>VISION<\/strong><\/p>\n<p>Ser el medio de comunicaci\u00f3n digital de referencia sobre temas pol\u00edticos en la Rep\u00fablica Dominicana, destac\u00e1ndose por su credibilidad, profundidad anal\u00edtica y compromiso con la verdad y la democracia.<\/p>\n<p><strong>OBJETIVO<\/strong><\/p>\n<p>Posicionarnos como una fuente de informaci\u00f3n confiable y de alta calidad.<\/p>\n<p><span style=\"font-size: large;\"><img fetchpriority=\"high\" decoding=\"async\" class=\"wp-image-1268 alignright\" src=\"http:\/\/accionarpolitico.com\/wp-content\/uploads\/2025\/09\/Marcos-Dominici.png\" alt=\"\" width=\"245\" height=\"306\" srcset=\"https:\/\/accionarpolitico.com\/wp-content\/uploads\/2025\/09\/Marcos-Dominici.png 1080w, https:\/\/accionarpolitico.com\/wp-content\/uploads\/2025\/09\/Marcos-Dominici-240x300.png 240w, https:\/\/accionarpolitico.com\/wp-content\/uploads\/2025\/09\/Marcos-Dominici-819x1024.png 819w, https:\/\/accionarpolitico.com\/wp-content\/uploads\/2025\/09\/Marcos-Dominici-768x960.png 768w, https:\/\/accionarpolitico.com\/wp-content\/uploads\/2025\/09\/Marcos-Dominici-1024x1280.png 1024w, https:\/\/accionarpolitico.com\/wp-content\/uploads\/2025\/09\/Marcos-Dominici-600x750.png 600w\" sizes=\"(max-width: 245px) 100vw, 245px\" \/>Director:\u00a0 <\/span><\/p>\n<p><strong><span style=\"font-size: large;\">Marcos Dominici Borges<\/span><\/strong><\/p>\n<p><span style=\"font-size: large;\"><b>INFORMACION DE CONT<\/b><\/span><span style=\"font-size: large;\"><b>ACTO:<\/b><\/span><\/p>\n<p>Tel\u00e9fono: <b>809.431.7000<\/b><\/p>\n<p>Correo Electr\u00f3nico para notas de prensa: <strong><a href=\"mailto:accionarpolitico@gmail.com\" target=\"_blank\" rel=\"noopener\">accionarpolitico@gmail.com<\/a><\/strong><\/p>\n<p>P\u00e1gina Web: www.<strong><a href=\"http:\/\/accionarpolitico.com\/\" target=\"_blank\" rel=\"noopener\" data-saferedirecturl=\"https:\/\/www.google.com\/url?q=http:\/\/accionarpolitico.com&amp;source=gmail&amp;ust=1759181107920000&amp;usg=AOvVaw0mVVIIMD-cMkDDUU457Iaq\">accionarpolitico.com<\/a><\/strong><\/p>\n<p><strong>Redes Sociales:<\/strong><\/p>\n<p>Instagram: <strong>AccionarPoliticoRD<\/strong><\/p>\n<p>Twitter\/X: <strong>@accionar_politi<\/strong><\/p>\n<hr \/>\n<p><img loading=\"lazy\" decoding=\"async\" class=\"wp-image-1689 aligncenter\" src=\"http:\/\/accionarpolitico.com\/wp-content\/uploads\/2025\/09\/cropped-cropped-cropped-cropped-cropped-cropped-cropped-cropped-cropped-cropped-cropped-cropped-cropped-Mancheta-Accionar-Politico-2-e1757214787730-1.png\" alt=\"\" width=\"1242\" height=\"431\" srcset=\"https:\/\/accionarpolitico.com\/wp-content\/uploads\/2025\/09\/cropped-cropped-cropped-cropped-cropped-cropped-cropped-cropped-cropped-cropped-cropped-cropped-cropped-Mancheta-Accionar-Politico-2-e1757214787730-1.png 1366w, https:\/\/accionarpolitico.com\/wp-content\/uploads\/2025\/09\/cropped-cropped-cropped-cropped-cropped-cropped-cropped-cropped-cropped-cropped-cropped-cropped-cropped-Mancheta-Accionar-Politico-2-e1757214787730-1-300x104.png 300w, https:\/\/accionarpolitico.com\/wp-content\/uploads\/2025\/09\/cropped-cropped-cropped-cropped-cropped-cropped-cropped-cropped-cropped-cropped-cropped-cropped-cropped-Mancheta-Accionar-Politico-2-e1757214787730-1-1024x355.png 1024w, https:\/\/accionarpolitico.com\/wp-content\/uploads\/2025\/09\/cropped-cropped-cropped-cropped-cropped-cropped-cropped-cropped-cropped-cropped-cropped-cropped-cropped-Mancheta-Accionar-Politico-2-e1757214787730-1-768x266.png 768w, https:\/\/accionarpolitico.com\/wp-content\/uploads\/2025\/09\/cropped-cropped-cropped-cropped-cropped-cropped-cropped-cropped-cropped-cropped-cropped-cropped-cropped-Mancheta-Accionar-Politico-2-e1757214787730-1-600x208.png 600w\" sizes=\"(max-width: 1242px) 100vw, 1242px\" \/><\/p>\n<hr \/>\n<div><span style=\"font-size: large;\"><b>\u00a0<img loading=\"lazy\" decoding=\"async\" class=\"wp-image-2203 alignleft\" src=\"http:\/\/accionarpolitico.com\/wp-content\/uploads\/2025\/09\/Logo-Koribeth-principal-e1759107819381.jpg\" alt=\"\" width=\"299\" height=\"287\" srcset=\"https:\/\/accionarpolitico.com\/wp-content\/uploads\/2025\/09\/Logo-Koribeth-principal-e1759107819381.jpg 1850w, https:\/\/accionarpolitico.com\/wp-content\/uploads\/2025\/09\/Logo-Koribeth-principal-e1759107819381-300x288.jpg 300w, https:\/\/accionarpolitico.com\/wp-content\/uploads\/2025\/09\/Logo-Koribeth-principal-e1759107819381-1024x983.jpg 1024w, https:\/\/accionarpolitico.com\/wp-content\/uploads\/2025\/09\/Logo-Koribeth-principal-e1759107819381-768x737.jpg 768w, https:\/\/accionarpolitico.com\/wp-content\/uploads\/2025\/09\/Logo-Koribeth-principal-e1759107819381-1536x1475.jpg 1536w, https:\/\/accionarpolitico.com\/wp-content\/uploads\/2025\/09\/Logo-Koribeth-principal-e1759107819381-600x576.jpg 600w\" sizes=\"(max-width: 299px) 100vw, 299px\" \/><\/b><b>ADMINISTRACION COMERCIAL\u00a0\u00a0<\/b><\/span><\/div>\n<div><strong><span style=\"font-size: large;\"><b>Koribeth Consulting, SRL\u00ae RNC<\/b><\/span><span style=\"font-size: large;\">:1-31-21853-9<\/span><\/strong><\/div>\n<div>Somos una agencia de comunicaci\u00f3n, que ofrece servicios de relaciones p\u00fablicas, publicidad, asesor\u00eda en comunicaci\u00f3n estrat\u00e9gica, manejo de crisis, entre otros rubros, que inici\u00f3 sus operaciones en el a\u00f1o 2014, con el firme compromiso de fortalecer tanto al sector p\u00fablico como privado, con estrategias de comunicaci\u00f3n integrales e innovadoras, cumpliendo con los m\u00e1s altos niveles de calidad.<\/div>\n<p><span style=\"font-size: large;\"><strong>AccionarPol\u00edtico.com<\/strong> es una publicaci\u00f3n de la firma\u00a0Koribeth Consulting, SRL\u00ae<b>,<\/b> editada en Santo Domingo, Rep\u00fablica Dominicana. <\/span><\/p>\n<p><span style=\"font-size: large;\">E-Mail:<\/span><b style=\"font-size: large;\"> koribethconsulting@gmail.com<\/b><\/p>\n<div style=\"text-align: center;\">\n<h2><span style=\"color: #000000;\"><b style=\"font-size: large;\">\u00a0<span style=\"color: #000080;\">PUBLICIDAD EN EL <\/span><\/b><span style=\"color: #000080;\"><b style=\"font-size: large;\">MEDIO DIGITAL <\/b><\/span><\/span><span style=\"color: #000080;\"><b style=\"font-size: large;\">WWW.ACCIONARPOLITICO.COM<\/b><\/span><\/h2>\n<\/div>\n<h3><span style=\"color: #000000;\"><b style=\"font-size: large;\">FORMAS DE PAGO\u00a0<\/b><\/span><\/h3>\n<p><span style=\"font-size: large;\">Los pagos por los servicios de publicidad en accionarpolitico.com y\/\u00f3 donaciones, pueden realizarse a trav\u00e9s de transferencia a nuestra cuenta corriente del Banco de Reservas (BANRESERVAS), con registro de beneficiario, con el siguiente detalle:<img loading=\"lazy\" decoding=\"async\" class=\"wp-image-2182 alignright\" src=\"http:\/\/accionarpolitico.com\/wp-content\/uploads\/2025\/09\/logo-Banreservas.png\" alt=\"\" width=\"195\" height=\"108\" srcset=\"https:\/\/accionarpolitico.com\/wp-content\/uploads\/2025\/09\/logo-Banreservas.png 577w, https:\/\/accionarpolitico.com\/wp-content\/uploads\/2025\/09\/logo-Banreservas-300x167.png 300w\" sizes=\"(max-width: 195px) 100vw, 195px\" \/><\/span><\/p>\n<h3><strong>Raz\u00f3n Social: KORIBETH CONSULTING, SRL<\/strong><\/h3>\n<h3><strong>Cuenta Corriente No.: 960 065 4028 <\/strong><\/h3>\n<h3><strong>RNC: 1-31-21853-9<\/strong><\/h3>\n<h3><strong>Registro de Proveedor del Estado (RPE) No. 50226.<\/strong><\/h3>\n<div><\/div>\n<div><span style=\"font-size: large;\"><span style=\"font-size: large;\"><b>Informaci\u00f3n Adicional<\/b><br \/>\nPara cualquier consulta adicional o informaci\u00f3n sobre la propuesta, no dude en contactarnos.<\/span><\/span><\/p>\n<hr \/>\n<\/div>\n","protected":false},"excerpt":{"rendered":"<p>AccionarPol\u00edtico.Com es una plataforma de noticias en espa\u00f1ol, especializada en temas pol\u00edticos, que ofrece informaci\u00f3n actualizada sobre el<\/p>\n","protected":false},"author":2,"featured_media":1061,"parent":0,"menu_order":0,"comment_status":"closed","ping_status":"closed","template":"","meta":{"footnotes":""},"class_list":["post-2092","page","type-page","status-publish","has-post-thumbnail","hentry"],"yoast_head":"<!-- This site is optimized with the Yoast SEO plugin v27.3 - https:\/\/yoast.com\/product\/yoast-seo-wordpress\/ -->\n<title>QUIENES SOMOS? - Accionar Pol\u00edtico<\/title>\n<meta name=\"robots\" content=\"index, follow, max-snippet:-1, max-image-preview:large, max-video-preview:-1\" \/>\n<link rel=\"canonical\" href=\"https:\/\/accionarpolitico.com\/?page_id=2092\" \/>\n<meta property=\"og:locale\" content=\"es_ES\" \/>\n<meta property=\"og:type\" content=\"article\" \/>\n<meta property=\"og:title\" content=\"QUIENES SOMOS? - Accionar Pol\u00edtico\" \/>\n<meta property=\"og:description\" content=\"AccionarPol\u00edtico.Com es una plataforma de noticias en espa\u00f1ol, especializada en temas pol\u00edticos, que ofrece informaci\u00f3n actualizada sobre el\" \/>\n<meta property=\"og:url\" content=\"https:\/\/accionarpolitico.com\/?page_id=2092\" \/>\n<meta property=\"og:site_name\" content=\"Accionar Pol\u00edtico\" \/>\n<meta property=\"article:modified_time\" content=\"2025-09-29T12:39:06+00:00\" \/>\n<meta property=\"og:image\" content=\"https:\/\/accionarpolitico.com\/wp-content\/uploads\/2025\/09\/www.accionarpolitico.com-8-e1756923121107.png\" \/>\n\t<meta property=\"og:image:width\" content=\"960\" \/>\n\t<meta property=\"og:image:height\" content=\"172\" \/>\n\t<meta property=\"og:image:type\" content=\"image\/png\" \/>\n<meta name=\"twitter:card\" content=\"summary_large_image\" \/>\n<meta name=\"twitter:label1\" content=\"Est. reading time\" \/>\n\t<meta name=\"twitter:data1\" content=\"4 minutos\" \/>\n<script type=\"application\/ld+json\" class=\"yoast-schema-graph\">{\"@context\":\"https:\\\/\\\/schema.org\",\"@graph\":[{\"@type\":\"WebPage\",\"@id\":\"https:\\\/\\\/accionarpolitico.com\\\/?page_id=2092\",\"url\":\"https:\\\/\\\/accionarpolitico.com\\\/?page_id=2092\",\"name\":\"QUIENES SOMOS? - Accionar Pol\u00edtico\",\"isPartOf\":{\"@id\":\"http:\\\/\\\/accionarpolitico.com\\\/#website\"},\"primaryImageOfPage\":{\"@id\":\"https:\\\/\\\/accionarpolitico.com\\\/?page_id=2092#primaryimage\"},\"image\":{\"@id\":\"https:\\\/\\\/accionarpolitico.com\\\/?page_id=2092#primaryimage\"},\"thumbnailUrl\":\"https:\\\/\\\/accionarpolitico.com\\\/wp-content\\\/uploads\\\/2025\\\/09\\\/www.accionarpolitico.com-8-e1756923121107.png\",\"datePublished\":\"2025-09-26T09:00:31+00:00\",\"dateModified\":\"2025-09-29T12:39:06+00:00\",\"breadcrumb\":{\"@id\":\"https:\\\/\\\/accionarpolitico.com\\\/?page_id=2092#breadcrumb\"},\"inLanguage\":\"es-DO\",\"potentialAction\":[{\"@type\":\"ReadAction\",\"target\":[\"https:\\\/\\\/accionarpolitico.com\\\/?page_id=2092\"]}]},{\"@type\":\"ImageObject\",\"inLanguage\":\"es-DO\",\"@id\":\"https:\\\/\\\/accionarpolitico.com\\\/?page_id=2092#primaryimage\",\"url\":\"https:\\\/\\\/accionarpolitico.com\\\/wp-content\\\/uploads\\\/2025\\\/09\\\/www.accionarpolitico.com-8-e1756923121107.png\",\"contentUrl\":\"https:\\\/\\\/accionarpolitico.com\\\/wp-content\\\/uploads\\\/2025\\\/09\\\/www.accionarpolitico.com-8-e1756923121107.png\",\"width\":960,\"height\":172},{\"@type\":\"BreadcrumbList\",\"@id\":\"https:\\\/\\\/accionarpolitico.com\\\/?page_id=2092#breadcrumb\",\"itemListElement\":[{\"@type\":\"ListItem\",\"position\":1,\"name\":\"Home\",\"item\":\"http:\\\/\\\/accionarpolitico.com\\\/\"},{\"@type\":\"ListItem\",\"position\":2,\"name\":\"QUIENES SOMOS?\"}]},{\"@type\":\"WebSite\",\"@id\":\"http:\\\/\\\/accionarpolitico.com\\\/#website\",\"url\":\"http:\\\/\\\/accionarpolitico.com\\\/\",\"name\":\"Accionar Pol\u00edtico\",\"description\":\"\",\"publisher\":{\"@id\":\"http:\\\/\\\/accionarpolitico.com\\\/#organization\"},\"potentialAction\":[{\"@type\":\"SearchAction\",\"target\":{\"@type\":\"EntryPoint\",\"urlTemplate\":\"http:\\\/\\\/accionarpolitico.com\\\/?s={search_term_string}\"},\"query-input\":{\"@type\":\"PropertyValueSpecification\",\"valueRequired\":true,\"valueName\":\"search_term_string\"}}],\"inLanguage\":\"es-DO\"},{\"@type\":\"Organization\",\"@id\":\"http:\\\/\\\/accionarpolitico.com\\\/#organization\",\"name\":\"Accionar Pol\u00edtico\",\"url\":\"http:\\\/\\\/accionarpolitico.com\\\/\",\"logo\":{\"@type\":\"ImageObject\",\"inLanguage\":\"es-DO\",\"@id\":\"http:\\\/\\\/accionarpolitico.com\\\/#\\\/schema\\\/logo\\\/image\\\/\",\"url\":\"https:\\\/\\\/accionarpolitico.com\\\/wp-content\\\/uploads\\\/2025\\\/09\\\/cropped-cropped-cropped-Copia-de-www.accionarpolitico.com-1-e1757590877213.png\",\"contentUrl\":\"https:\\\/\\\/accionarpolitico.com\\\/wp-content\\\/uploads\\\/2025\\\/09\\\/cropped-cropped-cropped-Copia-de-www.accionarpolitico.com-1-e1757590877213.png\",\"width\":520,\"height\":240,\"caption\":\"Accionar Pol\u00edtico\"},\"image\":{\"@id\":\"http:\\\/\\\/accionarpolitico.com\\\/#\\\/schema\\\/logo\\\/image\\\/\"}}]}<\/script>\n<!-- \/ Yoast SEO plugin. -->","yoast_head_json":{"title":"QUIENES SOMOS? - Accionar Pol\u00edtico","robots":{"index":"index","follow":"follow","max-snippet":"max-snippet:-1","max-image-preview":"max-image-preview:large","max-video-preview":"max-video-preview:-1"},"canonical":"https:\/\/accionarpolitico.com\/?page_id=2092","og_locale":"es_ES","og_type":"article","og_title":"QUIENES SOMOS? - Accionar Pol\u00edtico","og_description":"AccionarPol\u00edtico.Com es una plataforma de noticias en espa\u00f1ol, especializada en temas pol\u00edticos, que ofrece informaci\u00f3n actualizada sobre el","og_url":"https:\/\/accionarpolitico.com\/?page_id=2092","og_site_name":"Accionar Pol\u00edtico","article_modified_time":"2025-09-29T12:39:06+00:00","og_image":[{"width":960,"height":172,"url":"https:\/\/accionarpolitico.com\/wp-content\/uploads\/2025\/09\/www.accionarpolitico.com-8-e1756923121107.png","type":"image\/png"}],"twitter_card":"summary_large_image","twitter_misc":{"Est. reading time":"4 minutos"},"schema":{"@context":"https:\/\/schema.org","@graph":[{"@type":"WebPage","@id":"https:\/\/accionarpolitico.com\/?page_id=2092","url":"https:\/\/accionarpolitico.com\/?page_id=2092","name":"QUIENES SOMOS? - Accionar Pol\u00edtico","isPartOf":{"@id":"http:\/\/accionarpolitico.com\/#website"},"primaryImageOfPage":{"@id":"https:\/\/accionarpolitico.com\/?page_id=2092#primaryimage"},"image":{"@id":"https:\/\/accionarpolitico.com\/?page_id=2092#primaryimage"},"thumbnailUrl":"https:\/\/accionarpolitico.com\/wp-content\/uploads\/2025\/09\/www.accionarpolitico.com-8-e1756923121107.png","datePublished":"2025-09-26T09:00:31+00:00","dateModified":"2025-09-29T12:39:06+00:00","breadcrumb":{"@id":"https:\/\/accionarpolitico.com\/?page_id=2092#breadcrumb"},"inLanguage":"es-DO","potentialAction":[{"@type":"ReadAction","target":["https:\/\/accionarpolitico.com\/?page_id=2092"]}]},{"@type":"ImageObject","inLanguage":"es-DO","@id":"https:\/\/accionarpolitico.com\/?page_id=2092#primaryimage","url":"https:\/\/accionarpolitico.com\/wp-content\/uploads\/2025\/09\/www.accionarpolitico.com-8-e1756923121107.png","contentUrl":"https:\/\/accionarpolitico.com\/wp-content\/uploads\/2025\/09\/www.accionarpolitico.com-8-e1756923121107.png","width":960,"height":172},{"@type":"BreadcrumbList","@id":"https:\/\/accionarpolitico.com\/?page_id=2092#breadcrumb","itemListElement":[{"@type":"ListItem","position":1,"name":"Home","item":"http:\/\/accionarpolitico.com\/"},{"@type":"ListItem","position":2,"name":"QUIENES SOMOS?"}]},{"@type":"WebSite","@id":"http:\/\/accionarpolitico.com\/#website","url":"http:\/\/accionarpolitico.com\/","name":"Accionar Pol\u00edtico","description":"","publisher":{"@id":"http:\/\/accionarpolitico.com\/#organization"},"potentialAction":[{"@type":"SearchAction","target":{"@type":"EntryPoint","urlTemplate":"http:\/\/accionarpolitico.com\/?s={search_term_string}"},"query-input":{"@type":"PropertyValueSpecification","valueRequired":true,"valueName":"search_term_string"}}],"inLanguage":"es-DO"},{"@type":"Organization","@id":"http:\/\/accionarpolitico.com\/#organization","name":"Accionar Pol\u00edtico","url":"http:\/\/accionarpolitico.com\/","logo":{"@type":"ImageObject","inLanguage":"es-DO","@id":"http:\/\/accionarpolitico.com\/#\/schema\/logo\/image\/","url":"https:\/\/accionarpolitico.com\/wp-content\/uploads\/2025\/09\/cropped-cropped-cropped-Copia-de-www.accionarpolitico.com-1-e1757590877213.png","contentUrl":"https:\/\/accionarpolitico.com\/wp-content\/uploads\/2025\/09\/cropped-cropped-cropped-Copia-de-www.accionarpolitico.com-1-e1757590877213.png","width":520,"height":240,"caption":"Accionar Pol\u00edtico"},"image":{"@id":"http:\/\/accionarpolitico.com\/#\/schema\/logo\/image\/"}}]}},"_links":{"self":[{"href":"https:\/\/accionarpolitico.com\/index.php?rest_route=\/wp\/v2\/pages\/2092","targetHints":{"allow":["GET"]}}],"collection":[{"href":"https:\/\/accionarpolitico.com\/index.php?rest_route=\/wp\/v2\/pages"}],"about":[{"href":"https:\/\/accionarpolitico.com\/index.php?rest_route=\/wp\/v2\/types\/page"}],"author":[{"embeddable":true,"href":"https:\/\/accionarpolitico.com\/index.php?rest_route=\/wp\/v2\/users\/2"}],"replies":[{"embeddable":true,"href":"https:\/\/accionarpolitico.com\/index.php?rest_route=%2Fwp%2Fv2%2Fcomments&post=2092"}],"version-history":[{"count":53,"href":"https:\/\/accionarpolitico.com\/index.php?rest_route=\/wp\/v2\/pages\/2092\/revisions"}],"predecessor-version":[{"id":2225,"href":"https:\/\/accionarpolitico.com\/index.php?rest_route=\/wp\/v2\/pages\/2092\/revisions\/2225"}],"wp:featuredmedia":[{"embeddable":true,"href":"https:\/\/accionarpolitico.com\/index.php?rest_route=\/wp\/v2\/media\/1061"}],"wp:attachment":[{"href":"https:\/\/accionarpolitico.com\/index.php?rest_route=%2Fwp%2Fv2%2Fmedia&parent=2092"}],"curies":[{"name":"wp","href":"https:\/\/api.w.org\/{rel}","templated":true}]}}